{"id":2703,"date":"2021-04-02T15:40:36","date_gmt":"2021-04-02T13:40:36","guid":{"rendered":"http:\/\/ticommunication.org\/imprint\/"},"modified":"2021-04-16T11:51:30","modified_gmt":"2021-04-16T09:51:30","slug":"imprint","status":"publish","type":"page","link":"https:\/\/www.ticommunication.eu\/en\/imprint\/","title":{"rendered":"IMPRINT"},"content":{"rendered":"<h4>IMPRINT<\/h4>\n<p><strong>ti communication GmbH<\/strong><\/p>\n<p>Fr\u00f6hliche-T\u00fcrken-Stra\u00dfe 3, 93047 Regensburg, Deutschland<\/p>\n<p>Fon +49 (0) 941 599 38 77 0<\/p>\n<p>Fax +49 (0) 941 599 38 77 55<\/p>\n<p>regensburg@https:\/\/www.ticommunication.eu<\/p>\n<p><strong>Management:<\/strong> Susanna Bezzel and Gerhard Hain<\/p>\n<p><strong>USt-ID-Nr.:<\/strong>\u00a0DE286859036<\/p>\n<p>Amtsgericht Regensburg HRB: 13469<\/p>\n","protected":false},"excerpt":{"rendered":"<p>IMPRINT ti communication GmbH Fr\u00f6hliche-T\u00fcrken-Stra\u00dfe 3, 93047 Regensburg, Deutschland Fon +49 (0) 941 599 38 77 0 Fax +49 (0) 941 599 38 77 55 regensburg@https:\/\/www.ticommunication.eu<span class=\"excerpt-hellip\"> [\u2026]<\/span><\/p>\n","protected":false},"author":3,"featured_media":0,"parent":0,"menu_order":0,"comment_status":"closed","ping_status":"closed","template":"","meta":{"_custom_body_class":"","_custom_post_class":"","rs_blank_template":"","rs_page_bg_color":"","slide_template_v7":"","_price":"","_stock":"","_tribe_ticket_header":"","_tribe_default_ticket_provider":"","_tribe_ticket_capacity":"0","_ticket_start_date":"","_ticket_end_date":"","_tribe_ticket_show_description":"","_tribe_ticket_show_not_going":false,"_tribe_ticket_use_global_stock":"","_tribe_ticket_global_stock_level":"","_global_stock_mode":"","_global_stock_cap":"","_tribe_rsvp_for_event":"","_tribe_ticket_going_count":"","_tribe_ticket_not_going_count":"","_tribe_tickets_list":"[]","_tribe_ticket_has_attendee_info_fields":false,"footnotes":"","_tec_slr_enabled":"","_tec_slr_layout":""},"class_list":["post-2703","page","type-page","status-publish","hentry"],"yoast_head":"<!-- This site is optimized with the Yoast SEO plugin v27.3 - https:\/\/yoast.com\/product\/yoast-seo-wordpress\/ -->\n<title>IMPRINT - ticommunication<\/title>\n<meta name=\"robots\" content=\"index, follow, max-snippet:-1, max-image-preview:large, max-video-preview:-1\" \/>\n<link rel=\"canonical\" href=\"https:\/\/www.ticommunication.eu\/en\/imprint\/\" \/>\n<meta property=\"og:locale\" content=\"en_US\" \/>\n<meta property=\"og:type\" content=\"article\" \/>\n<meta property=\"og:title\" content=\"IMPRINT - ticommunication\" \/>\n<meta property=\"og:description\" content=\"IMPRINT ti communication GmbH Fr\u00f6hliche-T\u00fcrken-Stra\u00dfe 3, 93047 Regensburg, Deutschland Fon +49 (0) 941 599 38 77 0 Fax +49 (0) 941 599 38 77 55 regensburg@https:\/\/www.ticommunication.eu [\u2026]\" \/>\n<meta property=\"og:url\" content=\"https:\/\/www.ticommunication.eu\/en\/imprint\/\" \/>\n<meta property=\"og:site_name\" content=\"ticommunication\" \/>\n<meta property=\"article:modified_time\" content=\"2021-04-16T09:51:30+00:00\" \/>\n<meta name=\"twitter:card\" content=\"summary_large_image\" \/>\n<script type=\"application\/ld+json\" class=\"yoast-schema-graph\">{\"@context\":\"https:\\\/\\\/schema.org\",\"@graph\":[{\"@type\":\"WebPage\",\"@id\":\"https:\\\/\\\/www.ticommunication.eu\\\/en\\\/imprint\\\/\",\"url\":\"https:\\\/\\\/www.ticommunication.eu\\\/en\\\/imprint\\\/\",\"name\":\"IMPRINT - ticommunication\",\"isPartOf\":{\"@id\":\"https:\\\/\\\/https\\\/\\\/www.ticommunication.eu\\\/en\\\/de\\\/#website\"},\"datePublished\":\"2021-04-02T13:40:36+00:00\",\"dateModified\":\"2021-04-16T09:51:30+00:00\",\"breadcrumb\":{\"@id\":\"https:\\\/\\\/www.ticommunication.eu\\\/en\\\/imprint\\\/#breadcrumb\"},\"inLanguage\":\"en-US\",\"potentialAction\":[{\"@type\":\"ReadAction\",\"target\":[\"https:\\\/\\\/www.ticommunication.eu\\\/en\\\/imprint\\\/\"]}]},{\"@type\":\"BreadcrumbList\",\"@id\":\"https:\\\/\\\/www.ticommunication.eu\\\/en\\\/imprint\\\/#breadcrumb\",\"itemListElement\":[{\"@type\":\"ListItem\",\"position\":1,\"name\":\"Startseite\",\"item\":\"https:\\\/\\\/www.ticommunication.eu\\\/en\\\/\"},{\"@type\":\"ListItem\",\"position\":2,\"name\":\"IMPRINT\"}]},{\"@type\":\"WebSite\",\"@id\":\"https:\\\/\\\/https\\\/\\\/www.ticommunication.eu\\\/en\\\/de\\\/#website\",\"url\":\"https:\\\/\\\/https\\\/\\\/www.ticommunication.eu\\\/en\\\/de\\\/\",\"name\":\"ticommunication\",\"description\":\"think inclusively\",\"potentialAction\":[{\"@type\":\"SearchAction\",\"target\":{\"@type\":\"EntryPoint\",\"urlTemplate\":\"https:\\\/\\\/https\\\/\\\/www.ticommunication.eu\\\/en\\\/de\\\/?s={search_term_string}\"},\"query-input\":{\"@type\":\"PropertyValueSpecification\",\"valueRequired\":true,\"valueName\":\"search_term_string\"}}],\"inLanguage\":\"en-US\"}]}<\/script>\n<!-- \/ Yoast SEO plugin. -->","yoast_head_json":{"title":"IMPRINT - ticommunication","robots":{"index":"index","follow":"follow","max-snippet":"max-snippet:-1","max-image-preview":"max-image-preview:large","max-video-preview":"max-video-preview:-1"},"canonical":"https:\/\/www.ticommunication.eu\/en\/imprint\/","og_locale":"en_US","og_type":"article","og_title":"IMPRINT - ticommunication","og_description":"IMPRINT ti communication GmbH Fr\u00f6hliche-T\u00fcrken-Stra\u00dfe 3, 93047 Regensburg, Deutschland Fon +49 (0) 941 599 38 77 0 Fax +49 (0) 941 599 38 77 55 regensburg@https:\/\/www.ticommunication.eu [\u2026]","og_url":"https:\/\/www.ticommunication.eu\/en\/imprint\/","og_site_name":"ticommunication","article_modified_time":"2021-04-16T09:51:30+00:00","twitter_card":"summary_large_image","schema":{"@context":"https:\/\/schema.org","@graph":[{"@type":"WebPage","@id":"https:\/\/www.ticommunication.eu\/en\/imprint\/","url":"https:\/\/www.ticommunication.eu\/en\/imprint\/","name":"IMPRINT - ticommunication","isPartOf":{"@id":"https:\/\/https\/\/www.ticommunication.eu\/en\/en\/de\/#website"},"datePublished":"2021-04-02T13:40:36+00:00","dateModified":"2021-04-16T09:51:30+00:00","breadcrumb":{"@id":"https:\/\/www.ticommunication.eu\/en\/imprint\/#breadcrumb"},"inLanguage":"en-US","potentialAction":[{"@type":"ReadAction","target":["https:\/\/www.ticommunication.eu\/en\/imprint\/"]}]},{"@type":"BreadcrumbList","@id":"https:\/\/www.ticommunication.eu\/en\/imprint\/#breadcrumb","itemListElement":[{"@type":"ListItem","position":1,"name":"Startseite","item":"https:\/\/www.ticommunication.eu\/en\/"},{"@type":"ListItem","position":2,"name":"IMPRINT"}]},{"@type":"WebSite","@id":"https:\/\/https\/\/www.ticommunication.eu\/en\/en\/de\/#website","url":"https:\/\/https\/\/www.ticommunication.eu\/en\/en\/de\/","name":"ticommunication","description":"think inclusively","potentialAction":[{"@type":"SearchAction","target":{"@type":"EntryPoint","urlTemplate":"https:\/\/https\/\/www.ticommunication.eu\/en\/en\/de\/?s={search_term_string}"},"query-input":{"@type":"PropertyValueSpecification","valueRequired":true,"valueName":"search_term_string"}}],"inLanguage":"en-US"}]}},"ticketed":false,"_links":{"self":[{"href":"https:\/\/www.ticommunication.eu\/en\/wp-json\/wp\/v2\/pages\/2703","targetHints":{"allow":["GET"]}}],"collection":[{"href":"https:\/\/www.ticommunication.eu\/en\/wp-json\/wp\/v2\/pages"}],"about":[{"href":"https:\/\/www.ticommunication.eu\/en\/wp-json\/wp\/v2\/types\/page"}],"author":[{"embeddable":true,"href":"https:\/\/www.ticommunication.eu\/en\/wp-json\/wp\/v2\/users\/3"}],"replies":[{"embeddable":true,"href":"https:\/\/www.ticommunication.eu\/en\/wp-json\/wp\/v2\/comments?post=2703"}],"version-history":[{"count":0,"href":"https:\/\/www.ticommunication.eu\/en\/wp-json\/wp\/v2\/pages\/2703\/revisions"}],"wp:attachment":[{"href":"https:\/\/www.ticommunication.eu\/en\/wp-json\/wp\/v2\/media?parent=2703"}],"curies":[{"name":"wp","href":"https:\/\/api.w.org\/{rel}","templated":true}]}}