{"id":5412,"date":"2021-08-18T11:12:53","date_gmt":"2021-08-18T09:12:53","guid":{"rendered":"https:\/\/ticommunication.eu\/?page_id=5412"},"modified":"2026-02-04T16:38:31","modified_gmt":"2026-02-04T15:38:31","slug":"leadership-activation-journey","status":"publish","type":"page","link":"https:\/\/www.ticommunication.eu\/de\/leadership-activation-journey\/","title":{"rendered":"LEADERSHIP ACTIVATION JOURNEY"},"content":{"rendered":"<h1>Gehen Sie mit uns auf eineLeadership Activation Journey!<\/h1>\n<p><hr class=\"no_line\" style=\"margin: 0 auto 0px auto\"\/>\n<br \/>\ncenter<br \/>\ncenter<br \/>\nno-repeat;center top;;<br \/>\nauto<\/p>\n<p>Unsere Leadership Activation Journey (LAJ) ist ein innovatives Programm, das auf einem systemischen Ansatz basiert und F\u00fchrungskr\u00e4ften dabei hilft, in herausfordernden Zeiten st\u00e4rker, bewusster und agiler zu handeln, damit sie:<br \/>\nKultivieren Sie Ihre Eigenheiten<br \/>\ncenter<br \/>\nno-repeat;center top;;<br \/>\nauto<br \/>\ncontent-intro-text<\/p>\n<p>Konflikte in B\u00fcndnisse verwandeln.<br \/>\nWiderstand gegen\u00fcber Ver\u00e4nderungen in Innovationsfreude verwandeln.<br \/>\nZusammenhalt schaffen und die Mitarbeiter*innen mit den Zielen des Unternehmens verbinden.<\/p>\n<h1>LAJ &#8211; F\u00fchrung neu entwickeln<\/h1>\n<hr class=\"no_line\" style=\"margin: 0 auto 0px auto\"\/>\n\n<p>Im Gegensatz zu vielen theoretisch ausgerichteten und auf Wissenstransfer basierenden F\u00fchrungskr\u00e4fteentwicklungsprogrammen, ist unser LAJ-Programm:<\/p>\n<p>erfahrungsorientiert und generiert Einsichten, die zu einer nat\u00fcrlichen Verhaltens\u00e4nderung f\u00fchren,<\/p>\n<p>erleichtert die Zusammenarbeit \u00fcber Hierarchien, Funktionen und Kulturen hinweg und<\/p>\n<p>erzeugt einen Dominoeffekt in der gesamten Organisation.<\/p>\n<hr class=\"no_line\" style=\"margin: 0 auto 0px auto\"\/>\n\n<p>Dar\u00fcber hinaus ist LAJ pragmatisch und findet direkt am Arbeitsplatz statt, wobei Selbstlerneinheiten und Tools mit Live-Online-Coaching und Workshops kombiniert werden.<br \/>\nCulture eats strategy<br \/>\nno-repeat;left top;;<br \/>\nauto<\/p>\n<p><img decoding=\"async\" src=\"https:\/\/www.ticommunication.eu\/wp-content\/uploads\/2021\/08\/shutterstock_Fuehrung_5.jpg\" alt=\"Tanzendes Paar\" \/><br \/>\nfull<\/p>\n<h1>Die Reise in 3 Schritten<\/h1>\n<p>center<br \/>\nno-repeat;left top;;<br \/>\nauto<\/p>\n<p><img decoding=\"async\" src=\"https:\/\/www.ticommunication.eu\/wp-content\/uploads\/2021\/08\/icon-1.png\" alt=\"icon-1\" \/><\/p>\n<h3>1. ENTWICKELN SIE IHRE F\u00dcHRUNGSQUALIT\u00c4TEN<\/h3>\n<hr class=\"no_line\" style=\"margin: 0 auto 0px auto\"\/>\n\n<h5>St\u00e4rken Sie Ihr Vertrauen<\/h5>\n<p>Kompass \u2013 Schaffen Sie Klarheit dar\u00fcber, was f\u00fcr Sie als Mensch und Leader wichtig ist, damit Sie einen inneren Kompass haben, der Sie w\u00e4hrend Ihres gesamten Berufslebens bei Ihren Entscheidungen leitet.<br \/>\nPersonal Mastery \u2013 Lernen Sie, Ihre Denkweise und Emotionen zu managen, damit Sie jederzeit wie ein echter Leader denken, f\u00fchlen und handeln.<br \/>\nMission \u2013 Schaffen Sie Klarheit \u00fcber die Rolle, die Sie in Ihrer Organisation spielen m\u00f6chten und wie Sie durch konkrete Projekte dazu beitragen wollen.<br \/>\nbox<\/p>\n<p><img decoding=\"async\" src=\"https:\/\/www.ticommunication.eu\/wp-content\/uploads\/2021\/08\/icon-2.png\" alt=\"icon-2\" \/><\/p>\n<h3>2. BINDEN SIE ANDERE EIN<\/h3>\n<hr class=\"no_line\" style=\"margin: 0 auto 0px auto\"\/>\n\n<h5>Holen Sie sich die Leute ins Boot<\/h5>\n<p>360\u00b0-Verbindung &#8211; Lernen Sie, schnell Vertrauen \u00fcber Hierarchien, Funktionen und Kulturen hinweg aufzubauen.<br \/>\nKommunikation &#8211; Lernen Sie, Menschen zu inspirieren, Widerst\u00e4nde aufzul\u00f6sen und sie durch bewusste Gespr\u00e4che und wichtige Coaching-F\u00e4higkeiten ins Boot zu holen.<br \/>\nCo-Creation &#8211; Lernen Sie, Menschen einzubeziehen, indem Sie gemeinsam mit ihnen intelligente L\u00f6sungen entwickeln, damit sie sich wertgesch\u00e4tzt f\u00fchlen und ihr volles Potenzial entfalten k\u00f6nnen.<br \/>\nbox<\/p>\n<p><img decoding=\"async\" src=\"https:\/\/www.ticommunication.eu\/wp-content\/uploads\/2021\/08\/icon-3.png\" alt=\"icon-3\" \/><\/p>\n<h3>3. ERWEITERN SIE IHREN EINFLUSS<\/h3>\n<hr class=\"no_line\" style=\"margin: 0 auto 0px auto\"\/>\n\n<h5>Kreieren Sie einen Dominoeffekt<\/h5>\n<p>Wachstum \u2013 Bauen Sie eine Kultur auf, die auf kontinuierliches Lernen ausgerichtet ist, in der Feedback empfangen und achtsam und bewusst gegeben wird.<br \/>\nAnerkennung \u2013 Erfahren Sie, wie Sie Menschen das Gef\u00fchl geben, f\u00fcr ihren Beitrag gesch\u00e4tzt und anerkannt zu werden, damit sie weiterhin mit Ihnen an noch ehrgeizigeren Projekten arbeiten.<br \/>\nZukunft gestalten \u2013 Erstellen Sie eine klare Vision Ihres n\u00e4chsten Ziels und wie Sie es mit Ihrem Unternehmen erreichen k\u00f6nnen.<br \/>\nbox<\/p>\n<h1>Einzigartig im BlendedLearning Format<\/h1>\n<p><hr class=\"no_line\" style=\"margin: 0 auto 0px auto\"\/>\n<br \/>\nleft<br \/>\nno-repeat;left top;;<br \/>\nauto<\/p>\n<h3>Gehen Sie in Ihrem eigenen Tempo voran\u2026<\/h3>\n<p>Einzigartiges Online-Erlebnis \u2013 Sie haben das Gef\u00fchl, Ihren pers\u00f6nlichen Coach jederzeit an Ihrer Seite zu haben. Er hilft Ihnen, das Gelernte zu integrieren und die praktischen Tools sofort im Job anzuwenden.<\/p>\n<p>W\u00f6chentliche Boxenstopps \u2013 Meistern Sie aktuelle Herausforderungen und konzentrieren Sie sich auf Ihre Priorit\u00e4ten.<\/p>\n<p>Monatlicher Check-Up \u2013 Behalten Sie Ihren Fortschritt im Auge.<\/p>\n<p><hr class=\"no_line\" style=\"margin: 0 auto 0px auto\"\/>\n<br \/>\nInterkulturelle Kompetenz &#8211; Erkennen, was man nicht sieht<br \/>\nno-repeat;left top;;<br \/>\nauto<\/p>\n<p><img decoding=\"async\" src=\"https:\/\/www.ticommunication.eu\/wp-content\/uploads\/2021\/08\/laptop-2562325_1920.jpg\" alt=\"Mann arbeitet an Laptop\" \/><br \/>\nfull<\/p>\n<p><img decoding=\"async\" src=\"https:\/\/www.ticommunication.eu\/wp-content\/uploads\/2021\/08\/video-conference-5162927_1920.jpg\" alt=\"virtuelles Teammeeting\" \/><br \/>\nfull<\/p>\n<hr class=\"no_line\" style=\"margin: 0 auto 0px auto\"\/>\n\n<h3>\u2026 und genie\u00dfen Sie die Interaktion in Live-Meetings!<\/h3>\n<p>LAJ-Online-Gruppen- \/Team-Sessions \u2013 Live moderierte Videokonferenz-Meetings mit anderen LAJ-Teilnehmer*innen. Eine einzigartige Gelegenheit, voneinander zu lernen und sich mit F\u00fchrungskr\u00e4ften anderer Organisationen zu vernetzen.<\/p>\n<p>1-zu-1-Coaching f\u00fcr F\u00fchrungskr\u00e4fte (je nach gew\u00e4hltem Programm).<\/p>\n<p><hr class=\"no_line\" style=\"margin: 0 auto 0px auto\"\/>\n<br \/>\nInterkulturelle Kompetenz &#8211; Erkennen, was man nicht sieht<br \/>\nno-repeat;left top;;<br \/>\nauto<\/p>\n<hr class=\"no_line\" style=\"margin: 0 auto 0px auto\"\/>\n\n<h1>Sind Sie bereit f\u00fcr die Leadership Activation Journey?<\/h1>\n<hr class=\"no_line\" style=\"margin: 0 auto 0px auto\"\/>\n\n<h3>Rufen Sie uns an oder senden Sie uns eine Email f\u00fcr mehr Informationen!<\/h3>\n<p>&nbsp;<\/p>\n<h3><a href=\"tel:+49 941 599 38 77 0\">+49 941 599 38 77 0<\/a> | <a href=\"mailto:contact@https:\/\/www.ticommunication.eu\">contact@https:\/\/www.ticommunication.eu<\/a><\/h3>\n<p>Ihr Thema ist nicht dabei?<br \/>\nno-repeat;left top;;<br \/>\nauto<\/p>\n","protected":false},"excerpt":{"rendered":"<p>Gehen Sie mit uns auf eineLeadership Activation Journey! center center no-repeat;center top;; auto Unsere Leadership Activation Journey (LAJ) ist ein innovatives Programm, das auf einem systemischen<span class=\"excerpt-hellip\"> [\u2026]<\/span><\/p>\n","protected":false},"author":2,"featured_media":0,"parent":0,"menu_order":0,"comment_status":"closed","ping_status":"closed","template":"","meta":{"_custom_body_class":"leadership-activation-journey","_custom_post_class":"ffffff","rs_blank_template":"","rs_page_bg_color":"","slide_template_v7":"","_price":"","_stock":"","_tribe_ticket_header":"","_tribe_default_ticket_provider":"","_tribe_ticket_capacity":"0","_ticket_start_date":"","_ticket_end_date":"","_tribe_ticket_show_description":"","_tribe_ticket_show_not_going":false,"_tribe_ticket_use_global_stock":"","_tribe_ticket_global_stock_level":"","_global_stock_mode":"","_global_stock_cap":"","_tribe_rsvp_for_event":"","_tribe_ticket_going_count":"","_tribe_ticket_not_going_count":"","_tribe_tickets_list":"[]","_tribe_ticket_has_attendee_info_fields":false,"footnotes":"","_tec_slr_enabled":"","_tec_slr_layout":""},"class_list":["post-5412","page","type-page","status-publish","hentry","ffffff"],"yoast_head":"<!-- This site is optimized with the Yoast SEO plugin v27.3 - https:\/\/yoast.com\/product\/yoast-seo-wordpress\/ -->\n<title>LEADERSHIP ACTIVATION JOURNEY - ticommunication<\/title>\n<meta name=\"robots\" content=\"index, follow, max-snippet:-1, max-image-preview:large, max-video-preview:-1\" \/>\n<link rel=\"canonical\" href=\"https:\/\/www.ticommunication.eu\/de\/leadership-activation-journey\/\" \/>\n<meta property=\"og:locale\" content=\"de_DE\" \/>\n<meta property=\"og:type\" content=\"article\" \/>\n<meta property=\"og:title\" content=\"LEADERSHIP ACTIVATION JOURNEY - ticommunication\" \/>\n<meta property=\"og:description\" content=\"Gehen Sie mit uns auf eineLeadership Activation Journey! center center no-repeat;center top;; auto Unsere Leadership Activation Journey (LAJ) ist ein innovatives Programm, das auf einem systemischen [\u2026]\" \/>\n<meta property=\"og:url\" content=\"https:\/\/www.ticommunication.eu\/de\/leadership-activation-journey\/\" \/>\n<meta property=\"og:site_name\" content=\"ticommunication\" \/>\n<meta property=\"article:modified_time\" content=\"2026-02-04T15:38:31+00:00\" \/>\n<meta property=\"og:image\" content=\"http:\/\/-2803\" \/>\n<meta name=\"twitter:card\" content=\"summary_large_image\" \/>\n<meta name=\"twitter:title\" content=\"false\" \/>\n<meta name=\"twitter:label1\" content=\"Gesch\u00e4tzte Lesezeit\" \/>\n\t<meta name=\"twitter:data1\" content=\"3\u00a0Minuten\" \/>\n<script type=\"application\/ld+json\" class=\"yoast-schema-graph\">{\"@context\":\"https:\\\/\\\/schema.org\",\"@graph\":[{\"@type\":\"WebPage\",\"@id\":\"https:\\\/\\\/www.ticommunication.eu\\\/de\\\/leadership-activation-journey\\\/\",\"url\":\"https:\\\/\\\/www.ticommunication.eu\\\/de\\\/leadership-activation-journey\\\/\",\"name\":\"LEADERSHIP ACTIVATION JOURNEY - ticommunication\",\"isPartOf\":{\"@id\":\"https:\\\/\\\/https\\\/\\\/www.ticommunication.eu\\\/de\\\/de\\\/#website\"},\"primaryImageOfPage\":{\"@id\":\"https:\\\/\\\/www.ticommunication.eu\\\/de\\\/leadership-activation-journey\\\/#primaryimage\"},\"image\":{\"@id\":\"https:\\\/\\\/www.ticommunication.eu\\\/de\\\/leadership-activation-journey\\\/#primaryimage\"},\"thumbnailUrl\":\"https:\\\/\\\/www.ticommunication.eu\\\/wp-content\\\/uploads\\\/2021\\\/08\\\/shutterstock_Fuehrung_5.jpg\",\"datePublished\":\"2021-08-18T09:12:53+00:00\",\"dateModified\":\"2026-02-04T15:38:31+00:00\",\"breadcrumb\":{\"@id\":\"https:\\\/\\\/www.ticommunication.eu\\\/de\\\/leadership-activation-journey\\\/#breadcrumb\"},\"inLanguage\":\"de\",\"potentialAction\":[{\"@type\":\"ReadAction\",\"target\":[\"https:\\\/\\\/www.ticommunication.eu\\\/de\\\/leadership-activation-journey\\\/\"]}]},{\"@type\":\"ImageObject\",\"inLanguage\":\"de\",\"@id\":\"https:\\\/\\\/www.ticommunication.eu\\\/de\\\/leadership-activation-journey\\\/#primaryimage\",\"url\":\"https:\\\/\\\/www.ticommunication.eu\\\/wp-content\\\/uploads\\\/2021\\\/08\\\/shutterstock_Fuehrung_5.jpg\",\"contentUrl\":\"https:\\\/\\\/www.ticommunication.eu\\\/wp-content\\\/uploads\\\/2021\\\/08\\\/shutterstock_Fuehrung_5.jpg\"},{\"@type\":\"BreadcrumbList\",\"@id\":\"https:\\\/\\\/www.ticommunication.eu\\\/de\\\/leadership-activation-journey\\\/#breadcrumb\",\"itemListElement\":[{\"@type\":\"ListItem\",\"position\":1,\"name\":\"Startseite\",\"item\":\"https:\\\/\\\/www.ticommunication.eu\\\/de\\\/\"},{\"@type\":\"ListItem\",\"position\":2,\"name\":\"LEADERSHIP ACTIVATION JOURNEY\"}]},{\"@type\":\"WebSite\",\"@id\":\"https:\\\/\\\/https\\\/\\\/www.ticommunication.eu\\\/de\\\/de\\\/#website\",\"url\":\"https:\\\/\\\/https\\\/\\\/www.ticommunication.eu\\\/de\\\/de\\\/\",\"name\":\"ticommunication\",\"description\":\"think inclusively\",\"potentialAction\":[{\"@type\":\"SearchAction\",\"target\":{\"@type\":\"EntryPoint\",\"urlTemplate\":\"https:\\\/\\\/https\\\/\\\/www.ticommunication.eu\\\/de\\\/de\\\/?s={search_term_string}\"},\"query-input\":{\"@type\":\"PropertyValueSpecification\",\"valueRequired\":true,\"valueName\":\"search_term_string\"}}],\"inLanguage\":\"de\"}]}<\/script>\n<!-- \/ Yoast SEO plugin. -->","yoast_head_json":{"title":"LEADERSHIP ACTIVATION JOURNEY - ticommunication","robots":{"index":"index","follow":"follow","max-snippet":"max-snippet:-1","max-image-preview":"max-image-preview:large","max-video-preview":"max-video-preview:-1"},"canonical":"https:\/\/www.ticommunication.eu\/de\/leadership-activation-journey\/","og_locale":"de_DE","og_type":"article","og_title":"LEADERSHIP ACTIVATION JOURNEY - ticommunication","og_description":"Gehen Sie mit uns auf eineLeadership Activation Journey! center center no-repeat;center top;; auto Unsere Leadership Activation Journey (LAJ) ist ein innovatives Programm, das auf einem systemischen [\u2026]","og_url":"https:\/\/www.ticommunication.eu\/de\/leadership-activation-journey\/","og_site_name":"ticommunication","article_modified_time":"2026-02-04T15:38:31+00:00","og_image":[{"url":"-2803","type":"","width":"","height":""}],"twitter_card":"summary_large_image","twitter_title":"false","twitter_misc":{"Gesch\u00e4tzte Lesezeit":"3\u00a0Minuten"},"schema":{"@context":"https:\/\/schema.org","@graph":[{"@type":"WebPage","@id":"https:\/\/www.ticommunication.eu\/de\/leadership-activation-journey\/","url":"https:\/\/www.ticommunication.eu\/de\/leadership-activation-journey\/","name":"LEADERSHIP ACTIVATION JOURNEY - ticommunication","isPartOf":{"@id":"https:\/\/https\/\/www.ticommunication.eu\/de\/de\/de\/#website"},"primaryImageOfPage":{"@id":"https:\/\/www.ticommunication.eu\/de\/leadership-activation-journey\/#primaryimage"},"image":{"@id":"https:\/\/www.ticommunication.eu\/de\/leadership-activation-journey\/#primaryimage"},"thumbnailUrl":"https:\/\/www.ticommunication.eu\/wp-content\/uploads\/2021\/08\/shutterstock_Fuehrung_5.jpg","datePublished":"2021-08-18T09:12:53+00:00","dateModified":"2026-02-04T15:38:31+00:00","breadcrumb":{"@id":"https:\/\/www.ticommunication.eu\/de\/leadership-activation-journey\/#breadcrumb"},"inLanguage":"de","potentialAction":[{"@type":"ReadAction","target":["https:\/\/www.ticommunication.eu\/de\/leadership-activation-journey\/"]}]},{"@type":"ImageObject","inLanguage":"de","@id":"https:\/\/www.ticommunication.eu\/de\/leadership-activation-journey\/#primaryimage","url":"https:\/\/www.ticommunication.eu\/wp-content\/uploads\/2021\/08\/shutterstock_Fuehrung_5.jpg","contentUrl":"https:\/\/www.ticommunication.eu\/wp-content\/uploads\/2021\/08\/shutterstock_Fuehrung_5.jpg"},{"@type":"BreadcrumbList","@id":"https:\/\/www.ticommunication.eu\/de\/leadership-activation-journey\/#breadcrumb","itemListElement":[{"@type":"ListItem","position":1,"name":"Startseite","item":"https:\/\/www.ticommunication.eu\/de\/"},{"@type":"ListItem","position":2,"name":"LEADERSHIP ACTIVATION JOURNEY"}]},{"@type":"WebSite","@id":"https:\/\/https\/\/www.ticommunication.eu\/de\/de\/de\/#website","url":"https:\/\/https\/\/www.ticommunication.eu\/de\/de\/de\/","name":"ticommunication","description":"think inclusively","potentialAction":[{"@type":"SearchAction","target":{"@type":"EntryPoint","urlTemplate":"https:\/\/https\/\/www.ticommunication.eu\/de\/de\/de\/?s={search_term_string}"},"query-input":{"@type":"PropertyValueSpecification","valueRequired":true,"valueName":"search_term_string"}}],"inLanguage":"de"}]}},"ticketed":false,"_links":{"self":[{"href":"https:\/\/www.ticommunication.eu\/de\/wp-json\/wp\/v2\/pages\/5412","targetHints":{"allow":["GET"]}}],"collection":[{"href":"https:\/\/www.ticommunication.eu\/de\/wp-json\/wp\/v2\/pages"}],"about":[{"href":"https:\/\/www.ticommunication.eu\/de\/wp-json\/wp\/v2\/types\/page"}],"author":[{"embeddable":true,"href":"https:\/\/www.ticommunication.eu\/de\/wp-json\/wp\/v2\/users\/2"}],"replies":[{"embeddable":true,"href":"https:\/\/www.ticommunication.eu\/de\/wp-json\/wp\/v2\/comments?post=5412"}],"version-history":[{"count":0,"href":"https:\/\/www.ticommunication.eu\/de\/wp-json\/wp\/v2\/pages\/5412\/revisions"}],"wp:attachment":[{"href":"https:\/\/www.ticommunication.eu\/de\/wp-json\/wp\/v2\/media?parent=5412"}],"curies":[{"name":"wp","href":"https:\/\/api.w.org\/{rel}","templated":true}]}}